{"id":105,"date":"2016-03-14T12:31:52","date_gmt":"2016-03-14T11:31:52","guid":{"rendered":"http:\/\/www.rtbasics.com\/WP_2\/?page_id=105"},"modified":"2016-03-14T16:34:37","modified_gmt":"2016-03-14T15:34:37","slug":"rtbasics_2","status":"publish","type":"page","link":"https:\/\/www.rtbasics.com\/WP_2\/","title":{"rendered":"Back to Real Time Basics"},"content":{"rendered":"<body><p>rtBasics representa mi espacio\u00a0en la web y es, simplemente, una manera de compartir mis intereses personales m\u00e1s cercanos a mi vida profesional.<\/p>\n<p>El sitio tiene formato de Blog. Algunas ideas o proyectos estar\u00e1n desarrolladas en un solo post y otras necesitar\u00e1n varios.<\/p>\n<p>Unas veces la idea ha surgido en mi \u00e1mbito personal, me ha parecido interesante y le he dedicado alg\u00fan tiempo. Otras veces es algo que he hecho, o me hubiera gustado hacer, en mi \u00e1mbito profesional. Muchas\u00a0veces un trabajo hecho en mi \u00e1mbito profesional me ha dotado de la capacidad de desarrollar algo que ya hab\u00eda identificado como interesante y he tratado de hacerlo.<\/p>\n<p>En general, por unas cosas o por otras, esto es el resultado de mi experiencia.<\/p>\n<p>Me alegrar\u00e9 si el contenido de este Blog le resulta \u00fatil a alguien en alg\u00fan momento o le sirve para remover sus ideas, pero no pretendo dar lecciones a nadie y no me he marcado ning\u00fan objetivo de \u201crigor cient\u00edfico\u201d. Unas veces relatar\u00e9 hechos de la vida misma y otras mis impresiones. En cualquiera de los dos casos, la informaci\u00f3n que transmito debe ser considerada como lo que es, que no es m\u00e1s que informaci\u00f3n publicada en la web sin ninguna garant\u00eda de autenticidad o veracidad.<\/p>\n<\/body>","protected":false},"excerpt":{"rendered":"<p>rtBasics representa mi espacio\u00a0en la web y es, simplemente, una manera de compartir mis intereses personales m\u00e1s cercanos a mi vida profesional. El sitio tiene formato de Blog. Algunas ideas o proyectos estar\u00e1n desarrolladas en un solo post y otras &hellip; <a href=\"https:\/\/www.rtbasics.com\/WP_2\/\">Continue reading <span class=\"meta-nav\">&rarr;<\/span><\/a><\/p>\n","protected":false},"author":1,"featured_media":0,"parent":0,"menu_order":0,"comment_status":"closed","ping_status":"closed","template":"","meta":{"jetpack_post_was_ever_published":false,"footnotes":""},"class_list":["post-105","page","type-page","status-publish","hentry"],"jetpack_likes_enabled":true,"jetpack_sharing_enabled":true,"jetpack_shortlink":"https:\/\/wp.me\/P4vaHY-1H","_links":{"self":[{"href":"https:\/\/www.rtbasics.com\/WP_2\/wp-json\/wp\/v2\/pages\/105","targetHints":{"allow":["GET"]}}],"collection":[{"href":"https:\/\/www.rtbasics.com\/WP_2\/wp-json\/wp\/v2\/pages"}],"about":[{"href":"https:\/\/www.rtbasics.com\/WP_2\/wp-json\/wp\/v2\/types\/page"}],"author":[{"embeddable":true,"href":"https:\/\/www.rtbasics.com\/WP_2\/wp-json\/wp\/v2\/users\/1"}],"replies":[{"embeddable":true,"href":"https:\/\/www.rtbasics.com\/WP_2\/wp-json\/wp\/v2\/comments?post=105"}],"version-history":[{"count":2,"href":"https:\/\/www.rtbasics.com\/WP_2\/wp-json\/wp\/v2\/pages\/105\/revisions"}],"predecessor-version":[{"id":123,"href":"https:\/\/www.rtbasics.com\/WP_2\/wp-json\/wp\/v2\/pages\/105\/revisions\/123"}],"wp:attachment":[{"href":"https:\/\/www.rtbasics.com\/WP_2\/wp-json\/wp\/v2\/media?parent=105"}],"curies":[{"name":"wp","href":"https:\/\/api.w.org\/{rel}","templated":true}]}}