{"id":113,"date":"2016-03-14T12:48:49","date_gmt":"2016-03-14T11:48:49","guid":{"rendered":"http:\/\/www.rtbasics.com\/WP_2\/?page_id=113"},"modified":"2021-12-06T19:35:58","modified_gmt":"2021-12-06T18:35:58","slug":"contacto_2","status":"publish","type":"page","link":"https:\/\/www.rtbasics.com\/WP_2\/intereses\/contacto_2","title":{"rendered":"Contacto"},"content":{"rendered":"<body><p>Si tienes algo que decirme o piensas que podemos colaborar profesionalmente, para ponerte en contacto conmigo, puedes<\/p>\n<ul>\n<li>enviar un email a juan.serrano@rtbasics.com<\/li>\n<li>llamar por tel\u00e9fono al 626 86 23 31<\/li>\n<li>enviarme un mensaje a trav\u00e9s de <a href=\"http:\/\/es.linkedin.com\/pub\/juan-serrano-de-dios\/34\/bb4\/81a\/\" target=\"_blank\" rel=\"noopener\">LinkedIn<\/a><\/li>\n<\/ul>\n<p>Cualquier consulta ser\u00e1 bienvenida.<\/p>\n\n\n<p><\/p>\n<\/body>","protected":false},"excerpt":{"rendered":"<p>Si tienes algo que decirme o piensas que podemos colaborar profesionalmente, para ponerte en contacto conmigo, puedes enviar un email a juan.serrano@rtbasics.com llamar por tel\u00e9fono al 626 86 23 31 enviarme un mensaje a trav\u00e9s de LinkedIn Cualquier consulta ser\u00e1 &hellip; <a href=\"https:\/\/www.rtbasics.com\/WP_2\/intereses\/contacto_2\">Continue reading <span class=\"meta-nav\">&rarr;<\/span><\/a><\/p>\n","protected":false},"author":1,"featured_media":0,"parent":111,"menu_order":0,"comment_status":"closed","ping_status":"closed","template":"","meta":{"jetpack_post_was_ever_published":false,"footnotes":""},"class_list":["post-113","page","type-page","status-publish","hentry"],"jetpack_likes_enabled":true,"jetpack_sharing_enabled":true,"jetpack_shortlink":"https:\/\/wp.me\/P4vaHY-1P","_links":{"self":[{"href":"https:\/\/www.rtbasics.com\/WP_2\/wp-json\/wp\/v2\/pages\/113","targetHints":{"allow":["GET"]}}],"collection":[{"href":"https:\/\/www.rtbasics.com\/WP_2\/wp-json\/wp\/v2\/pages"}],"about":[{"href":"https:\/\/www.rtbasics.com\/WP_2\/wp-json\/wp\/v2\/types\/page"}],"author":[{"embeddable":true,"href":"https:\/\/www.rtbasics.com\/WP_2\/wp-json\/wp\/v2\/users\/1"}],"replies":[{"embeddable":true,"href":"https:\/\/www.rtbasics.com\/WP_2\/wp-json\/wp\/v2\/comments?post=113"}],"version-history":[{"count":5,"href":"https:\/\/www.rtbasics.com\/WP_2\/wp-json\/wp\/v2\/pages\/113\/revisions"}],"predecessor-version":[{"id":5480,"href":"https:\/\/www.rtbasics.com\/WP_2\/wp-json\/wp\/v2\/pages\/113\/revisions\/5480"}],"up":[{"embeddable":true,"href":"https:\/\/www.rtbasics.com\/WP_2\/wp-json\/wp\/v2\/pages\/111"}],"wp:attachment":[{"href":"https:\/\/www.rtbasics.com\/WP_2\/wp-json\/wp\/v2\/media?parent=113"}],"curies":[{"name":"wp","href":"https:\/\/api.w.org\/{rel}","templated":true}]}}